{"id":939,"date":"2021-06-12T06:25:44","date_gmt":"2021-06-12T06:25:44","guid":{"rendered":"https:\/\/bonillasflooring.com\/index.php\/services\/"},"modified":"2023-11-08T04:38:38","modified_gmt":"2023-11-08T04:38:38","slug":"services","status":"publish","type":"page","link":"https:\/\/bonillasflooring.com\/index.php\/services\/","title":{"rendered":"Services"},"content":{"rendered":"\t\t<div data-elementor-type=\"wp-page\" data-elementor-id=\"939\" class=\"elementor elementor-939\">\n\t\t\t\t\t\t<section class=\"elementor-section elementor-top-section elementor-element elementor-element-623ea53 elementor-section-boxed elementor-section-height-default elementor-section-height-default\" data-id=\"623ea53\" data-element_type=\"section\" data-e-type=\"section\" data-settings=\"{&quot;background_background&quot;:&quot;classic&quot;}\">\n\t\t\t\t\t\t\t<div class=\"elementor-background-overlay\"><\/div>\n\t\t\t\t\t\t\t<div class=\"elementor-container elementor-column-gap-no\">\n\t\t\t\t\t<div class=\"elementor-column elementor-col-100 elementor-top-column elementor-element elementor-element-21ddeff\" data-id=\"21ddeff\" data-element_type=\"column\" data-e-type=\"column\">\n\t\t\t<div class=\"elementor-widget-wrap elementor-element-populated\">\n\t\t\t\t\t\t<div class=\"elementor-element elementor-element-a09d3bc elementor-widget elementor-widget-heading\" data-id=\"a09d3bc\" data-element_type=\"widget\" data-e-type=\"widget\" data-widget_type=\"heading.default\">\n\t\t\t\t<div class=\"elementor-widget-container\">\n\t\t\t\t\t<h1 class=\"elementor-heading-title elementor-size-default\">Servicios<\/h1>\t\t\t\t<\/div>\n\t\t\t\t<\/div>\n\t\t\t\t\t<\/div>\n\t\t<\/div>\n\t\t\t\t\t<\/div>\n\t\t<\/section>\n\t\t\t\t<section class=\"elementor-section elementor-top-section elementor-element elementor-element-e6eecd6 elementor-section-boxed elementor-section-height-default elementor-section-height-default\" data-id=\"e6eecd6\" data-element_type=\"section\" data-e-type=\"section\" data-settings=\"{&quot;background_background&quot;:&quot;classic&quot;,&quot;animation_mobile&quot;:&quot;fadeInLeft&quot;}\">\n\t\t\t\t\t\t\t<div class=\"elementor-background-overlay\"><\/div>\n\t\t\t\t\t\t\t<div class=\"elementor-container elementor-column-gap-no\">\n\t\t\t\t\t<div class=\"elementor-column elementor-col-100 elementor-top-column elementor-element elementor-element-75764c5 elementor-invisible\" data-id=\"75764c5\" data-element_type=\"column\" data-e-type=\"column\" data-settings=\"{&quot;animation&quot;:&quot;fadeInLeft&quot;}\">\n\t\t\t<div class=\"elementor-widget-wrap elementor-element-populated\">\n\t\t\t\t\t\t<div class=\"elementor-element elementor-element-a3030da elementor-widget elementor-widget-heading\" data-id=\"a3030da\" data-element_type=\"widget\" data-e-type=\"widget\" data-widget_type=\"heading.default\">\n\t\t\t\t<div class=\"elementor-widget-container\">\n\t\t\t\t\t<h6 class=\"elementor-heading-title elementor-size-default\">Nuestros servicios<\/h6>\t\t\t\t<\/div>\n\t\t\t\t<\/div>\n\t\t\t\t<div class=\"elementor-element elementor-element-1dbc89b elementor-widget elementor-widget-heading\" data-id=\"1dbc89b\" data-element_type=\"widget\" data-e-type=\"widget\" data-widget_type=\"heading.default\">\n\t\t\t\t<div class=\"elementor-widget-container\">\n\t\t\t\t\t<h2 class=\"elementor-heading-title elementor-size-default\">Confia en nuestra experiencia<\/h2>\t\t\t\t<\/div>\n\t\t\t\t<\/div>\n\t\t\t\t<div class=\"elementor-element elementor-element-b9529bc elementor-widget__width-initial elementor-widget-tablet__width-initial elementor-widget-mobile__width-inherit elementor-position-top elementor-widget elementor-widget-image-box\" data-id=\"b9529bc\" data-element_type=\"widget\" data-e-type=\"widget\" data-widget_type=\"image-box.default\">\n\t\t\t\t<div class=\"elementor-widget-container\">\n\t\t\t\t\t<div class=\"elementor-image-box-wrapper\"><figure class=\"elementor-image-box-img\"><img fetchpriority=\"high\" decoding=\"async\" width=\"1440\" height=\"960\" src=\"https:\/\/bonillasflooring.com\/wp-content\/uploads\/2023\/09\/living-room-with-wood-flooring-1-e1629862496253-1.jpeg\" class=\"attachment-full size-full wp-image-964\" alt=\"\" srcset=\"https:\/\/bonillasflooring.com\/wp-content\/uploads\/2023\/09\/living-room-with-wood-flooring-1-e1629862496253-1.jpeg 1440w, https:\/\/bonillasflooring.com\/wp-content\/uploads\/2023\/09\/living-room-with-wood-flooring-1-e1629862496253-1-300x200.jpeg 300w, https:\/\/bonillasflooring.com\/wp-content\/uploads\/2023\/09\/living-room-with-wood-flooring-1-e1629862496253-1-1024x683.jpeg 1024w, https:\/\/bonillasflooring.com\/wp-content\/uploads\/2023\/09\/living-room-with-wood-flooring-1-e1629862496253-1-768x512.jpeg 768w\" sizes=\"(max-width: 1440px) 100vw, 1440px\" \/><\/figure><div class=\"elementor-image-box-content\"><h4 class=\"elementor-image-box-title\">Pisos Laminados<\/h4><p class=\"elementor-image-box-description\">Los pisos laminados son una opci\u00f3n popular debido a su aspecto de madera aut\u00e9ntica sin el costo y mantenimiento asociados. Estos pisos ofrecen durabilidad y resistencia a las manchas, lo que los hace ideales para \u00e1reas de alto tr\u00e1fico. Los laminados se destacan por su versatilidad y belleza duradera.\n\n<\/p><\/div><\/div>\t\t\t\t<\/div>\n\t\t\t\t<\/div>\n\t\t\t\t<div class=\"elementor-element elementor-element-1ee8e7c elementor-widget__width-initial elementor-widget-tablet__width-initial elementor-widget-mobile__width-inherit elementor-position-top elementor-widget elementor-widget-image-box\" data-id=\"1ee8e7c\" data-element_type=\"widget\" data-e-type=\"widget\" data-widget_type=\"image-box.default\">\n\t\t\t\t<div class=\"elementor-widget-container\">\n\t\t\t\t\t<div class=\"elementor-image-box-wrapper\"><figure class=\"elementor-image-box-img\"><img decoding=\"async\" width=\"380\" height=\"254\" src=\"https:\/\/bonillasflooring.com\/wp-content\/uploads\/2023\/09\/hard-wood-floor-m-380x254-1.jpeg\" class=\"attachment-full size-full wp-image-957\" alt=\"\" srcset=\"https:\/\/bonillasflooring.com\/wp-content\/uploads\/2023\/09\/hard-wood-floor-m-380x254-1.jpeg 380w, https:\/\/bonillasflooring.com\/wp-content\/uploads\/2023\/09\/hard-wood-floor-m-380x254-1-300x201.jpeg 300w\" sizes=\"(max-width: 380px) 100vw, 380px\" \/><\/figure><div class=\"elementor-image-box-content\"><h4 class=\"elementor-image-box-title\">Pisos de madera<\/h4><p class=\"elementor-image-box-description\">Los pisos de madera aportan calidez y belleza natural a cualquier espacio. Cada tabla es \u00fanica, lo que confiere un car\u00e1cter aut\u00e9ntico a tu hogar. La madera es duradera y puede ser restaurada con el tiempo, lo que la convierte en una inversi\u00f3n a largo plazo. Estos pisos a\u00f1aden un toque de elegancia intemporal a cualquier ambiente.\n\n<\/p><\/div><\/div>\t\t\t\t<\/div>\n\t\t\t\t<\/div>\n\t\t\t\t<div class=\"elementor-element elementor-element-cd7a0c6 elementor-widget__width-initial elementor-widget-tablet__width-initial elementor-widget-mobile__width-inherit elementor-position-top elementor-widget elementor-widget-image-box\" data-id=\"cd7a0c6\" data-element_type=\"widget\" data-e-type=\"widget\" data-widget_type=\"image-box.default\">\n\t\t\t\t<div class=\"elementor-widget-container\">\n\t\t\t\t\t<div class=\"elementor-image-box-wrapper\"><figure class=\"elementor-image-box-img\"><img decoding=\"async\" width=\"380\" height=\"254\" src=\"https:\/\/bonillasflooring.com\/wp-content\/uploads\/2023\/09\/wood-floor-m-380x254-1.jpeg\" class=\"attachment-full size-full wp-image-953\" alt=\"\" srcset=\"https:\/\/bonillasflooring.com\/wp-content\/uploads\/2023\/09\/wood-floor-m-380x254-1.jpeg 380w, https:\/\/bonillasflooring.com\/wp-content\/uploads\/2023\/09\/wood-floor-m-380x254-1-300x201.jpeg 300w\" sizes=\"(max-width: 380px) 100vw, 380px\" \/><\/figure><div class=\"elementor-image-box-content\"><h4 class=\"elementor-image-box-title\">Instalaci\u00f3n de Vinilo<\/h4><p class=\"elementor-image-box-description\">Los pisos de vinilo son una elecci\u00f3n vers\u00e1til y econ\u00f3mica para quienes buscan un aspecto elegante y duradero. Disponibles en una amplia gama de dise\u00f1os, los pisos de vinilo son resistentes al agua y f\u00e1ciles de limpiar, lo que los convierte en una opci\u00f3n ideal para cocinas y ba\u00f1os. Adem\u00e1s, su comodidad al caminar los hace atractivos para \u00e1reas de estar.\n\n<\/p><\/div><\/div>\t\t\t\t<\/div>\n\t\t\t\t<\/div>\n\t\t\t\t<div class=\"elementor-element elementor-element-24b722c elementor-widget__width-initial elementor-widget-tablet__width-initial elementor-widget-mobile__width-inherit elementor-position-top elementor-widget elementor-widget-image-box\" data-id=\"24b722c\" data-element_type=\"widget\" data-e-type=\"widget\" data-widget_type=\"image-box.default\">\n\t\t\t\t<div class=\"elementor-widget-container\">\n\t\t\t\t\t<div class=\"elementor-image-box-wrapper\"><figure class=\"elementor-image-box-img\"><img loading=\"lazy\" decoding=\"async\" width=\"380\" height=\"254\" src=\"https:\/\/bonillasflooring.com\/wp-content\/uploads\/2023\/09\/tiles-floor-m-380x254-1.jpeg\" class=\"attachment-full size-full wp-image-954\" alt=\"\" srcset=\"https:\/\/bonillasflooring.com\/wp-content\/uploads\/2023\/09\/tiles-floor-m-380x254-1.jpeg 380w, https:\/\/bonillasflooring.com\/wp-content\/uploads\/2023\/09\/tiles-floor-m-380x254-1-300x201.jpeg 300w\" sizes=\"(max-width: 380px) 100vw, 380px\" \/><\/figure><div class=\"elementor-image-box-content\"><h4 class=\"elementor-image-box-title\">Pisos Ceramicos<\/h4><p class=\"elementor-image-box-description\">Los pisos cer\u00e1micos son apreciados por su durabilidad y versatilidad. Disponibles en una variedad de estilos y colores, los pisos cer\u00e1micos son ideales para \u00e1reas propensas a la humedad, como cocinas y ba\u00f1os. Son resistentes al desgaste y f\u00e1ciles de mantener, lo que los convierte en una opci\u00f3n popular para espacios de alto tr\u00e1fico.\n\n<\/p><\/div><\/div>\t\t\t\t<\/div>\n\t\t\t\t<\/div>\n\t\t\t\t<div class=\"elementor-element elementor-element-ff6dc9f elementor-widget__width-initial elementor-widget-tablet__width-initial elementor-widget-mobile__width-inherit elementor-position-top elementor-widget elementor-widget-image-box\" data-id=\"ff6dc9f\" data-element_type=\"widget\" data-e-type=\"widget\" data-widget_type=\"image-box.default\">\n\t\t\t\t<div class=\"elementor-widget-container\">\n\t\t\t\t\t<div class=\"elementor-image-box-wrapper\"><figure class=\"elementor-image-box-img\"><img loading=\"lazy\" decoding=\"async\" width=\"1440\" height=\"960\" src=\"https:\/\/bonillasflooring.com\/wp-content\/uploads\/2023\/09\/hand-of-flooring-on-gray-color-of-new-grout-tile-on-tile-gray-for-the-final-step-for-flooring-e1629861928407.jpeg\" class=\"attachment-full size-full wp-image-976\" alt=\"\" srcset=\"https:\/\/bonillasflooring.com\/wp-content\/uploads\/2023\/09\/hand-of-flooring-on-gray-color-of-new-grout-tile-on-tile-gray-for-the-final-step-for-flooring-e1629861928407.jpeg 1440w, https:\/\/bonillasflooring.com\/wp-content\/uploads\/2023\/09\/hand-of-flooring-on-gray-color-of-new-grout-tile-on-tile-gray-for-the-final-step-for-flooring-e1629861928407-300x200.jpeg 300w, https:\/\/bonillasflooring.com\/wp-content\/uploads\/2023\/09\/hand-of-flooring-on-gray-color-of-new-grout-tile-on-tile-gray-for-the-final-step-for-flooring-e1629861928407-1024x683.jpeg 1024w, https:\/\/bonillasflooring.com\/wp-content\/uploads\/2023\/09\/hand-of-flooring-on-gray-color-of-new-grout-tile-on-tile-gray-for-the-final-step-for-flooring-e1629861928407-768x512.jpeg 768w\" sizes=\"(max-width: 1440px) 100vw, 1440px\" \/><\/figure><div class=\"elementor-image-box-content\"><h4 class=\"elementor-image-box-title\">Renovaci\u00f3n de Pisos Existentes<\/h4><p class=\"elementor-image-box-description\">\u00bfTienes un piso desgastado que necesita una renovaci\u00f3n? Es posible revitalizar tus superficies existentes, ahorr\u00e1ndote tiempo y dinero sin sacrificar la calidad.<\/p><\/div><\/div>\t\t\t\t<\/div>\n\t\t\t\t<\/div>\n\t\t\t\t<div class=\"elementor-element elementor-element-56af1c9 elementor-widget__width-initial elementor-widget-tablet__width-initial elementor-widget-mobile__width-inherit elementor-position-top elementor-widget elementor-widget-image-box\" data-id=\"56af1c9\" data-element_type=\"widget\" data-e-type=\"widget\" data-widget_type=\"image-box.default\">\n\t\t\t\t<div class=\"elementor-widget-container\">\n\t\t\t\t\t<div class=\"elementor-image-box-wrapper\"><figure class=\"elementor-image-box-img\"><img loading=\"lazy\" decoding=\"async\" width=\"759\" height=\"718\" src=\"https:\/\/bonillasflooring.com\/wp-content\/uploads\/2023\/09\/contractor-removing-an-old-linoleum-flooring-pbora1g2qg9j2tuvkvgqff1z2bok61fddnrlmgncao-e1695858882489.jpeg\" class=\"attachment-full size-full wp-image-949\" alt=\"\" srcset=\"https:\/\/bonillasflooring.com\/wp-content\/uploads\/2023\/09\/contractor-removing-an-old-linoleum-flooring-pbora1g2qg9j2tuvkvgqff1z2bok61fddnrlmgncao-e1695858882489.jpeg 759w, https:\/\/bonillasflooring.com\/wp-content\/uploads\/2023\/09\/contractor-removing-an-old-linoleum-flooring-pbora1g2qg9j2tuvkvgqff1z2bok61fddnrlmgncao-e1695858882489-300x284.jpeg 300w\" sizes=\"(max-width: 759px) 100vw, 759px\" \/><\/figure><div class=\"elementor-image-box-content\"><h4 class=\"elementor-image-box-title\">Instalaci\u00f3n de Alfombras<\/h4><p class=\"elementor-image-box-description\">Nuestra experiencia en instalaci\u00f3n de alfombras es la clave para dar vida a espacios acogedores y elegantes. <\/p><\/div><\/div>\t\t\t\t<\/div>\n\t\t\t\t<\/div>\n\t\t\t\t\t<\/div>\n\t\t<\/div>\n\t\t\t\t\t<\/div>\n\t\t<\/section>\n\t\t\t\t<section class=\"elementor-section elementor-top-section elementor-element elementor-element-1t2ei2g elementor-section-content-middle elementor-section-boxed elementor-section-height-default elementor-section-height-default elementor-invisible\" data-id=\"1t2ei2g\" data-element_type=\"section\" data-e-type=\"section\" data-settings=\"{&quot;background_background&quot;:&quot;classic&quot;,&quot;animation&quot;:&quot;fadeInUp&quot;}\">\n\t\t\t\t\t\t\t<div class=\"elementor-background-overlay\"><\/div>\n\t\t\t\t\t\t\t<div class=\"elementor-container elementor-column-gap-no\">\n\t\t\t\t\t<div class=\"elementor-column elementor-col-100 elementor-top-column elementor-element elementor-element-f69add9\" data-id=\"f69add9\" data-element_type=\"column\" data-e-type=\"column\">\n\t\t\t<div class=\"elementor-widget-wrap elementor-element-populated\">\n\t\t\t\t\t\t<div class=\"elementor-element elementor-element-0c78bee elementor-widget elementor-widget-heading\" data-id=\"0c78bee\" data-element_type=\"widget\" data-e-type=\"widget\" data-widget_type=\"heading.default\">\n\t\t\t\t<div class=\"elementor-widget-container\">\n\t\t\t\t\t<h2 class=\"elementor-heading-title elementor-size-default\">Proyectos Comerciales<\/h2>\t\t\t\t<\/div>\n\t\t\t\t<\/div>\n\t\t\t\t<div class=\"elementor-element elementor-element-8b7d1ee elementor-widget elementor-widget-image\" data-id=\"8b7d1ee\" data-element_type=\"widget\" data-e-type=\"widget\" data-widget_type=\"image.default\">\n\t\t\t\t<div class=\"elementor-widget-container\">\n\t\t\t\t\t\t\t\t\t\t\t\t\t\t\t<img loading=\"lazy\" decoding=\"async\" width=\"846\" height=\"564\" src=\"https:\/\/bonillasflooring.com\/wp-content\/uploads\/2023\/10\/Commercial-Flooring.progressive.webp\" class=\"attachment-full size-full wp-image-1059\" alt=\"\" srcset=\"https:\/\/bonillasflooring.com\/wp-content\/uploads\/2023\/10\/Commercial-Flooring.progressive.webp 846w, https:\/\/bonillasflooring.com\/wp-content\/uploads\/2023\/10\/Commercial-Flooring.progressive-300x200.webp 300w, https:\/\/bonillasflooring.com\/wp-content\/uploads\/2023\/10\/Commercial-Flooring.progressive-768x512.webp 768w\" sizes=\"(max-width: 846px) 100vw, 846px\" \/>\t\t\t\t\t\t\t\t\t\t\t\t\t\t\t<\/div>\n\t\t\t\t<\/div>\n\t\t\t\t<div class=\"elementor-element elementor-element-a261244 elementor-widget elementor-widget-text-editor\" data-id=\"a261244\" data-element_type=\"widget\" data-e-type=\"widget\" data-widget_type=\"text-editor.default\">\n\t\t\t\t<div class=\"elementor-widget-container\">\n\t\t\t\t\t\t\t\t\t<p>Si tienes un negocio o proyecto comercial podemos apoyarte. Hemos colaborado con empresas de diversas industrias, ofreciendo soluciones a medida que cumplen con los m\u00e1s altos est\u00e1ndares de durabilidad y dise\u00f1o. Cuando eliges nuestro equipo, eliges experiencia, compromiso y resultados excepcionales en cada espacio comercial.<\/p>\t\t\t\t\t\t\t\t<\/div>\n\t\t\t\t<\/div>\n\t\t\t\t\t<\/div>\n\t\t<\/div>\n\t\t\t\t\t<\/div>\n\t\t<\/section>\n\t\t\t\t<section class=\"elementor-section elementor-top-section elementor-element elementor-element-fdb1e5e elementor-section-boxed elementor-section-height-default elementor-section-height-default elementor-invisible\" data-id=\"fdb1e5e\" data-element_type=\"section\" data-e-type=\"section\" data-settings=\"{&quot;shape_divider_top&quot;:&quot;opacity-tilt&quot;,&quot;background_background&quot;:&quot;classic&quot;,&quot;animation&quot;:&quot;zoomIn&quot;}\">\n\t\t\t\t\t\t\t<div class=\"elementor-background-overlay\"><\/div>\n\t\t\t\t\t\t<div class=\"elementor-shape elementor-shape-top\" aria-hidden=\"true\" data-negative=\"false\">\n\t\t\t<svg xmlns=\"http:\/\/www.w3.org\/2000\/svg\" viewBox=\"0 0 2600 131.1\" preserveAspectRatio=\"none\">\n\t<path class=\"elementor-shape-fill\" d=\"M0 0L2600 0 2600 69.1 0 0z\"\/>\n\t<path class=\"elementor-shape-fill\" style=\"opacity:0.5\" d=\"M0 0L2600 0 2600 69.1 0 69.1z\"\/>\n\t<path class=\"elementor-shape-fill\" style=\"opacity:0.25\" d=\"M2600 0L0 0 0 130.1 2600 69.1z\"\/>\n<\/svg>\t\t<\/div>\n\t\t\t\t\t<div class=\"elementor-container elementor-column-gap-no\">\n\t\t\t\t\t<div class=\"elementor-column elementor-col-100 elementor-top-column elementor-element elementor-element-ad7e385\" data-id=\"ad7e385\" data-element_type=\"column\" data-e-type=\"column\" data-settings=\"{&quot;background_background&quot;:&quot;gradient&quot;}\">\n\t\t\t<div class=\"elementor-widget-wrap elementor-element-populated\">\n\t\t\t\t\t\t<div class=\"elementor-element elementor-element-4166dbb elementor-widget elementor-widget-heading\" data-id=\"4166dbb\" data-element_type=\"widget\" data-e-type=\"widget\" data-widget_type=\"heading.default\">\n\t\t\t\t<div class=\"elementor-widget-container\">\n\t\t\t\t\t<h6 class=\"elementor-heading-title elementor-size-default\">Pide asesoria<\/h6>\t\t\t\t<\/div>\n\t\t\t\t<\/div>\n\t\t\t\t<div class=\"elementor-element elementor-element-9924f6e elementor-widget elementor-widget-icon-box\" data-id=\"9924f6e\" data-element_type=\"widget\" data-e-type=\"widget\" data-widget_type=\"icon-box.default\">\n\t\t\t\t<div class=\"elementor-widget-container\">\n\t\t\t\t\t\t\t<div class=\"elementor-icon-box-wrapper\">\n\n\t\t\t\n\t\t\t\t\t\t<div class=\"elementor-icon-box-content\">\n\n\t\t\t\t\t\t\t\t\t<h2 class=\"elementor-icon-box-title\">\n\t\t\t\t\t\t<span  >\n\t\t\t\t\t\t\tAgenda una cita\t\t\t\t\t\t<\/span>\n\t\t\t\t\t<\/h2>\n\t\t\t\t\n\t\t\t\t\t\t\t\t\t<p class=\"elementor-icon-box-description\">\n\t\t\t\t\t\tTe invitamos cordialmente a solicitar un estimado sin ning\u00fan costo ni compromiso.\t\t\t\t\t<\/p>\n\t\t\t\t\n\t\t\t<\/div>\n\t\t\t\n\t\t<\/div>\n\t\t\t\t\t\t<\/div>\n\t\t\t\t<\/div>\n\t\t\t\t<div class=\"elementor-element elementor-element-8098feb elementor-invisible elementor-widget elementor-widget-wpforms\" data-id=\"8098feb\" data-element_type=\"widget\" data-e-type=\"widget\" data-settings=\"{&quot;_animation&quot;:&quot;bounceIn&quot;,&quot;_animation_tablet&quot;:&quot;bounceIn&quot;,&quot;_animation_mobile&quot;:&quot;bounceIn&quot;}\" data-widget_type=\"wpforms.default\">\n\t\t\t\t<div class=\"elementor-widget-container\">\n\t\t\t\t\t<div class=\"wpforms-container inline-fields\" id=\"wpforms-8\"><form id=\"wpforms-form-8\" class=\"wpforms-validate wpforms-form\" data-formid=\"8\" method=\"post\" enctype=\"multipart\/form-data\" action=\"\/index.php\/wp-json\/wp\/v2\/pages\/939\" data-token=\"29ab5369b9cec25bf4fb4331c4ff8d42\" data-token-time=\"1776374793\"><noscript class=\"wpforms-error-noscript\">Please enable JavaScript in your browser to complete this form.<\/noscript><div class=\"wpforms-field-container\"><div id=\"wpforms-8-field_0-container\" class=\"wpforms-field wpforms-field-name\" data-field-id=\"0\"><label class=\"wpforms-field-label wpforms-label-hide\" for=\"wpforms-8-field_0\">Name <span class=\"wpforms-required-label\">*<\/span><\/label><input type=\"text\" id=\"wpforms-8-field_0\" class=\"wpforms-field-medium wpforms-field-required\" name=\"wpforms[fields][0]\" placeholder=\"Enter your full name\" required><\/div><div id=\"wpforms-8-field_4-container\" class=\"wpforms-field wpforms-field-text\" data-field-id=\"4\"><label class=\"wpforms-field-label wpforms-label-hide\" for=\"wpforms-8-field_4\">Phone number<\/label><input type=\"text\" id=\"wpforms-8-field_4\" class=\"wpforms-field-medium\" name=\"wpforms[fields][4]\" placeholder=\"Phone number\" ><\/div><\/div><!-- .wpforms-field-container --><div class=\"wpforms-submit-container\" ><input type=\"hidden\" name=\"wpforms[id]\" value=\"8\"><input type=\"hidden\" name=\"page_title\" value=\"\"><input type=\"hidden\" name=\"page_url\" value=\"https:\/\/bonillasflooring.com\/index.php\/wp-json\/wp\/v2\/pages\/939\"><input type=\"hidden\" name=\"url_referer\" value=\"\"><button type=\"submit\" name=\"wpforms[submit]\" id=\"wpforms-submit-8\" class=\"wpforms-submit\" data-alt-text=\"Sending...\" data-submit-text=\"Send\" aria-live=\"assertive\" value=\"wpforms-submit\">Send<\/button><\/div><input type=\"hidden\" id=\"ct_checkjs_wpforms_fc3cf452d3da8402bebb765225ce8c0e\" name=\"ct_checkjs_wpforms\" value=\"0\" \/><script>setTimeout(function(){var ct_input_name = \"ct_checkjs_wpforms_fc3cf452d3da8402bebb765225ce8c0e\";if (document.getElementById(ct_input_name) !== null) {var ct_input_value = document.getElementById(ct_input_name).value;document.getElementById(ct_input_name).value = document.getElementById(ct_input_name).value.replace(ct_input_value, '151aeb2fda9607f91e2900ca45dea39478b30443d7e33b1baa1ad07e8ff4e718');}}, 1000);<\/script><input\n                    class=\"apbct_special_field apbct_email_id__wp_wpforms\"\n                    name=\"apbct__email_id__wp_wpforms\"\n                    aria-label=\"apbct__label_id__wp_wpforms\"\n                    type=\"text\" size=\"30\" maxlength=\"200\" autocomplete=\"off\"\n                    value=\"\"\n                \/><\/form><\/div>  <!-- .wpforms-container -->\t\t\t\t<\/div>\n\t\t\t\t<\/div>\n\t\t\t\t\t<\/div>\n\t\t<\/div>\n\t\t\t\t\t<\/div>\n\t\t<\/section>\n\t\t\t\t<\/div>\n\t\t","protected":false},"excerpt":{"rendered":"<p>Servicios Nuestros servicios Confia en nuestra experiencia Pisos Laminados Los pisos laminados son una opci\u00f3n popular debido a su aspecto de madera aut\u00e9ntica sin el costo y mantenimiento asociados. Estos pisos ofrecen durabilidad y resistencia a las manchas, lo que los hace ideales para \u00e1reas de alto tr\u00e1fico. Los laminados se destacan por su versatilidad [&hellip;]<\/p>\n","protected":false},"author":1,"featured_media":0,"parent":0,"menu_order":0,"comment_status":"closed","ping_status":"closed","template":"","meta":{"site-sidebar-layout":"no-sidebar","site-content-layout":"page-builder","ast-site-content-layout":"default","site-content-style":"default","site-sidebar-style":"default","ast-global-header-display":"","ast-banner-title-visibility":"","ast-main-header-display":"","ast-hfb-above-header-display":"","ast-hfb-below-header-display":"","ast-hfb-mobile-header-display":"","site-post-title":"disabled","ast-breadcrumbs-content":"disabled","ast-featured-img":"disabled","footer-sml-layout":"","ast-disable-related-posts":"","theme-transparent-header-meta":"enabled","adv-header-id-meta":"","stick-header-meta":"","header-above-stick-meta":"","header-main-stick-meta":"","header-below-stick-meta":"","astra-migrate-meta-layouts":"default","ast-page-background-enabled":"default","ast-page-background-meta":{"desktop":{"background-color":"","background-image":"","background-repeat":"repeat","background-position":"center center","background-size":"auto","background-attachment":"scroll","background-type":"","background-media":"","overlay-type":"","overlay-color":"","overlay-opacity":"","overlay-gradient":""},"tablet":{"background-color":"","background-image":"","background-repeat":"repeat","background-position":"center center","background-size":"auto","background-attachment":"scroll","background-type":"","background-media":"","overlay-type":"","overlay-color":"","overlay-opacity":"","overlay-gradient":""},"mobile":{"background-color":"","background-image":"","background-repeat":"repeat","background-position":"center center","background-size":"auto","background-attachment":"scroll","background-type":"","background-media":"","overlay-type":"","overlay-color":"","overlay-opacity":"","overlay-gradient":""}},"ast-content-background-meta":{"desktop":{"background-color":"var(--ast-global-color-5)","background-image":"","background-repeat":"repeat","background-position":"center center","background-size":"auto","background-attachment":"scroll","background-type":"","background-media":"","overlay-type":"","overlay-color":"","overlay-opacity":"","overlay-gradient":""},"tablet":{"background-color":"var(--ast-global-color-5)","background-image":"","background-repeat":"repeat","background-position":"center center","background-size":"auto","background-attachment":"scroll","background-type":"","background-media":"","overlay-type":"","overlay-color":"","overlay-opacity":"","overlay-gradient":""},"mobile":{"background-color":"var(--ast-global-color-5)","background-image":"","background-repeat":"repeat","background-position":"center center","background-size":"auto","background-attachment":"scroll","background-type":"","background-media":"","overlay-type":"","overlay-color":"","overlay-opacity":"","overlay-gradient":""}},"footnotes":""},"class_list":["post-939","page","type-page","status-publish","hentry"],"_links":{"self":[{"href":"https:\/\/bonillasflooring.com\/index.php\/wp-json\/wp\/v2\/pages\/939","targetHints":{"allow":["GET"]}}],"collection":[{"href":"https:\/\/bonillasflooring.com\/index.php\/wp-json\/wp\/v2\/pages"}],"about":[{"href":"https:\/\/bonillasflooring.com\/index.php\/wp-json\/wp\/v2\/types\/page"}],"author":[{"embeddable":true,"href":"https:\/\/bonillasflooring.com\/index.php\/wp-json\/wp\/v2\/users\/1"}],"replies":[{"embeddable":true,"href":"https:\/\/bonillasflooring.com\/index.php\/wp-json\/wp\/v2\/comments?post=939"}],"version-history":[{"count":34,"href":"https:\/\/bonillasflooring.com\/index.php\/wp-json\/wp\/v2\/pages\/939\/revisions"}],"predecessor-version":[{"id":1228,"href":"https:\/\/bonillasflooring.com\/index.php\/wp-json\/wp\/v2\/pages\/939\/revisions\/1228"}],"wp:attachment":[{"href":"https:\/\/bonillasflooring.com\/index.php\/wp-json\/wp\/v2\/media?parent=939"}],"curies":[{"name":"wp","href":"https:\/\/api.w.org\/{rel}","templated":true}]}}